{"id":35,"date":"2017-03-01T10:48:27","date_gmt":"2017-03-01T10:48:27","guid":{"rendered":"https:\/\/demo.mekshq.com\/typology\/?page_id=35"},"modified":"2021-04-03T10:43:56","modified_gmt":"2021-04-03T10:43:56","slug":"home","status":"publish","type":"page","link":"https:\/\/howto.thelead82.com\/fr\/","title":{"rendered":"Accueil"},"content":{"rendered":"<div style=\"max-width: 720px; margin:0 auto; display:inline-block;\">\n<h1 style=\"text-align: center;\">Rem\u00e8des pour les mots de passe perdus de Windows et Mac<\/h1>\n<p style=\"text-align: center; margin-bottom: 0;\">Ce site web pr\u00e9sente des conseils pour r\u00e9soudre les probl\u00e8mes de mots de passe oubli\u00e9s sous Windows et Mac.<\/p>\n<\/div>","protected":false},"excerpt":{"rendered":"<p>Remedies for Windows and Mac lost passwords This website presents guidelines for forgotten Windows and Mac password problems.<\/p>","protected":false},"author":1,"featured_media":0,"parent":0,"menu_order":0,"comment_status":"closed","ping_status":"closed","template":"","meta":{"footnotes":""},"class_list":["post-35","page","type-page","status-publish","hentry"],"yoast_head":"<!-- This site is optimized with the Yoast SEO plugin v23.0 - https:\/\/yoast.com\/wordpress\/plugins\/seo\/ -->\n<title>Home - Solution to Windows and Mac password problems<\/title>\n<meta name=\"description\" content=\"Solutions, guides and tools for lost Windows passwords (XP \/ 7\/ 8 \/ 10) and forgotten Mac password problems.\" \/>\n<meta name=\"robots\" content=\"index, follow, max-snippet:-1, max-image-preview:large, max-video-preview:-1\" \/>\n<link rel=\"canonical\" href=\"https:\/\/howto.thelead82.com\/fr\/\" \/>\n<meta property=\"og:locale\" content=\"fr_FR\" \/>\n<meta property=\"og:type\" content=\"article\" \/>\n<meta property=\"og:title\" content=\"Home - Solution to Windows and Mac password problems\" \/>\n<meta property=\"og:description\" content=\"Solutions, guides and tools for lost Windows passwords (XP \/ 7\/ 8 \/ 10) and forgotten Mac password problems.\" \/>\n<meta property=\"og:url\" content=\"https:\/\/howto.thelead82.com\/fr\/\" \/>\n<meta property=\"og:site_name\" content=\"Solution to Windows and Mac password problems\" \/>\n<meta property=\"article:publisher\" content=\"https:\/\/www.facebook.com\/KonBootSoftware\" \/>\n<meta property=\"article:modified_time\" content=\"2021-04-03T10:43:56+00:00\" \/>\n<meta name=\"twitter:card\" content=\"summary_large_image\" \/>\n<meta name=\"twitter:site\" content=\"@thelead82\" \/>\n<meta name=\"twitter:label1\" content=\"Dur\u00e9e de lecture estim\u00e9e\" \/>\n\t<meta name=\"twitter:data1\" content=\"1 minute\" \/>\n<script type=\"application\/ld+json\" class=\"yoast-schema-graph\">{\"@context\":\"https:\/\/schema.org\",\"@graph\":[{\"@type\":\"WebPage\",\"@id\":\"http:\/\/howto.thelead82.com\/ja\/\",\"url\":\"https:\/\/howto.thelead82.com\",\"name\":\"Home - Solution to Windows and Mac password problems\",\"isPartOf\":{\"@id\":\"\/#website\"},\"datePublished\":\"2017-03-01T10:48:27+00:00\",\"dateModified\":\"2021-04-03T10:43:56+00:00\",\"description\":\"Solutions, guides and tools for lost Windows passwords (XP \/ 7\/ 8 \/ 10) and forgotten Mac password problems.\",\"breadcrumb\":{\"@id\":\"https:\/\/howto.thelead82.com#breadcrumb\"},\"inLanguage\":\"fr-FR\",\"potentialAction\":[{\"@type\":\"ReadAction\",\"target\":[\"https:\/\/howto.thelead82.com\"]}]},{\"@type\":\"BreadcrumbList\",\"@id\":\"https:\/\/howto.thelead82.com#breadcrumb\",\"itemListElement\":[{\"@type\":\"ListItem\",\"position\":1,\"name\":\"Home\",\"item\":\"http:\/\/howto.thelead82.com\/ja\/\"},{\"@type\":\"ListItem\",\"position\":2,\"name\":\"Home\"}]},{\"@type\":\"WebSite\",\"@id\":\"\/#website\",\"url\":\"\/\",\"name\":\"Solution to Windows and Mac password problems\",\"description\":\"Solutions to Windows and Mac forgotten password problems\",\"potentialAction\":[{\"@type\":\"SearchAction\",\"target\":{\"@type\":\"EntryPoint\",\"urlTemplate\":\"\/?s={search_term_string}\"},\"query-input\":\"required name=search_term_string\"}],\"inLanguage\":\"fr-FR\"}]}<\/script>\n<!-- \/ Yoast SEO plugin. -->","yoast_head_json":{"title":"Home - Solution to Windows and Mac password problems","description":"Solutions, guides and tools for lost Windows passwords (XP \/ 7\/ 8 \/ 10) and forgotten Mac password problems.","robots":{"index":"index","follow":"follow","max-snippet":"max-snippet:-1","max-image-preview":"max-image-preview:large","max-video-preview":"max-video-preview:-1"},"canonical":"https:\/\/howto.thelead82.com\/fr\/","og_locale":"fr_FR","og_type":"article","og_title":"Home - Solution to Windows and Mac password problems","og_description":"Solutions, guides and tools for lost Windows passwords (XP \/ 7\/ 8 \/ 10) and forgotten Mac password problems.","og_url":"https:\/\/howto.thelead82.com\/fr\/","og_site_name":"Solution to Windows and Mac password problems","article_publisher":"https:\/\/www.facebook.com\/KonBootSoftware","article_modified_time":"2021-04-03T10:43:56+00:00","twitter_card":"summary_large_image","twitter_site":"@thelead82","twitter_misc":{"Dur\u00e9e de lecture estim\u00e9e":"1 minute"},"schema":{"@context":"https:\/\/schema.org","@graph":[{"@type":"WebPage","@id":"http:\/\/howto.thelead82.com\/ja\/","url":"https:\/\/howto.thelead82.com","name":"Home - Solution to Windows and Mac password problems","isPartOf":{"@id":"\/#website"},"datePublished":"2017-03-01T10:48:27+00:00","dateModified":"2021-04-03T10:43:56+00:00","description":"Solutions, guides and tools for lost Windows passwords (XP \/ 7\/ 8 \/ 10) and forgotten Mac password problems.","breadcrumb":{"@id":"https:\/\/howto.thelead82.com#breadcrumb"},"inLanguage":"fr-FR","potentialAction":[{"@type":"ReadAction","target":["https:\/\/howto.thelead82.com"]}]},{"@type":"BreadcrumbList","@id":"https:\/\/howto.thelead82.com#breadcrumb","itemListElement":[{"@type":"ListItem","position":1,"name":"Home","item":"http:\/\/howto.thelead82.com\/ja\/"},{"@type":"ListItem","position":2,"name":"Home"}]},{"@type":"WebSite","@id":"\/#website","url":"\/","name":"Solution to Windows and Mac password problems","description":"Solutions to Windows and Mac forgotten password problems","potentialAction":[{"@type":"SearchAction","target":{"@type":"EntryPoint","urlTemplate":"\/?s={search_term_string}"},"query-input":"required name=search_term_string"}],"inLanguage":"fr-FR"}]}},"_links":{"self":[{"href":"https:\/\/howto.thelead82.com\/fr\/wp-json\/wp\/v2\/pages\/35","targetHints":{"allow":["GET"]}}],"collection":[{"href":"https:\/\/howto.thelead82.com\/fr\/wp-json\/wp\/v2\/pages"}],"about":[{"href":"https:\/\/howto.thelead82.com\/fr\/wp-json\/wp\/v2\/types\/page"}],"author":[{"embeddable":true,"href":"https:\/\/howto.thelead82.com\/fr\/wp-json\/wp\/v2\/users\/1"}],"replies":[{"embeddable":true,"href":"https:\/\/howto.thelead82.com\/fr\/wp-json\/wp\/v2\/comments?post=35"}],"version-history":[{"count":2,"href":"https:\/\/howto.thelead82.com\/fr\/wp-json\/wp\/v2\/pages\/35\/revisions"}],"predecessor-version":[{"id":662,"href":"https:\/\/howto.thelead82.com\/fr\/wp-json\/wp\/v2\/pages\/35\/revisions\/662"}],"wp:attachment":[{"href":"https:\/\/howto.thelead82.com\/fr\/wp-json\/wp\/v2\/media?parent=35"}],"curies":[{"name":"wp","href":"https:\/\/api.w.org\/{rel}","templated":true}]}}